{"id":40793,"date":"2026-04-07T12:57:26","date_gmt":"2026-04-07T16:57:26","guid":{"rendered":"https:\/\/boutique.kdlcharest.ca\/?post_type=product&#038;p=40793"},"modified":"2026-04-07T12:57:27","modified_gmt":"2026-04-07T16:57:27","slug":"lunette-soleil-turbo-tints-clr-rg","status":"publish","type":"product","link":"https:\/\/boutique.kdlcharest.ca\/fr\/produit\/lunette-soleil-turbo-tints-clr-rg\/","title":{"rendered":"LUNETTE SOLEIL TURBO TINTS CLR\/RG"},"content":{"rendered":"<p>Voici les lunettes de soleil Jethwear Turbo Tints &#8211; les lunettes de soleil \u00ab Fast as F*** \u00bb qui vous distinguent des autres ! Avec un design sportif et audacieux, ces lunettes de soleil sont dot\u00e9es d&rsquo;une monture transparente et d&rsquo;une grande lentille cylindrique unique qui se d\u00e9cline en plusieurs couleurs pour un style accrocheur ou une ambiance discr\u00e8te avec une lentille noire fum\u00e9e. Que vous soyez sur les pistes ou \u00e0 l&rsquo;apr\u00e8s-ski, les Turbo Tints apportent du style et de la performance \u00e0 toute aventure.<\/p>\n<p>Pesant seulement 30 g, ces lunettes de soleil sont con\u00e7ues pour le confort, gr\u00e2ce \u00e0 des branches antid\u00e9rapantes qui les maintiennent bien en place. Avec une protection UV400 et une construction robuste, elles offrent une protection fiable contre les rayons les plus durs du soleil. Chaque paire est livr\u00e9e avec un \u00e9tui EVA durable et une pochette souple pour le nettoyage et le stockage en toute s\u00e9curit\u00e9 &#8211; tout ce dont vous avez besoin pour conserver la fra\u00eecheur de vos Turbo Tints.<\/p>\n<ul>\n<li>Monture : Monture compl\u00e8te<\/li>\n<li>Lentille : Lentille cylindrique<\/li>\n<li>Taille : 150 mm x 56 mm<\/li>\n<li>Poids : 30g<\/li>\n<li>Grandes lentilles cylindriques monobloc \u00e0 la mode pour une vue large<\/li>\n<li>Branches antid\u00e9rapantes, s\u00fbres et r\u00e9sistantes \u00e0 la chute<\/li>\n<li>Monture TR90 l\u00e9g\u00e8re et flexible<\/li>\n<\/ul>\n","protected":false},"excerpt":{"rendered":"<p>Voici les lunettes de soleil Jethwear Turbo Tints &#8211; les lunettes de soleil \u00ab Fast as F*** \u00bb qui vous distinguent des autres ! Avec un design sportif et audacieux, ces lunettes de soleil sont dot\u00e9es d&rsquo;une monture transparente et d&rsquo;une grande lentille cylindrique unique qui se d\u00e9cline en plusieurs couleurs pour un style accrocheur &hellip; <a href=\"https:\/\/boutique.kdlcharest.ca\/fr\/produit\/lunette-soleil-turbo-tints-clr-rg\/\">\u00c0 continu\u00e9<\/a><\/p>\n","protected":false},"featured_media":40794,"template":"","meta":[],"product-sub-category":[103,58],"brand":[115],"product-third-category":[108],"acf":[],"_links":{"self":[{"href":"https:\/\/boutique.kdlcharest.ca\/fr\/wp-json\/wp\/v2\/product\/40793"}],"collection":[{"href":"https:\/\/boutique.kdlcharest.ca\/fr\/wp-json\/wp\/v2\/product"}],"about":[{"href":"https:\/\/boutique.kdlcharest.ca\/fr\/wp-json\/wp\/v2\/types\/product"}],"wp:featuredmedia":[{"embeddable":true,"href":"https:\/\/boutique.kdlcharest.ca\/fr\/wp-json\/wp\/v2\/media\/40794"}],"wp:attachment":[{"href":"https:\/\/boutique.kdlcharest.ca\/fr\/wp-json\/wp\/v2\/media?parent=40793"}],"wp:term":[{"taxonomy":"product-sub-category","embeddable":true,"href":"https:\/\/boutique.kdlcharest.ca\/fr\/wp-json\/wp\/v2\/product-sub-category?post=40793"},{"taxonomy":"brand","embeddable":true,"href":"https:\/\/boutique.kdlcharest.ca\/fr\/wp-json\/wp\/v2\/brand?post=40793"},{"taxonomy":"product-third-category","embeddable":true,"href":"https:\/\/boutique.kdlcharest.ca\/fr\/wp-json\/wp\/v2\/product-third-category?post=40793"}],"curies":[{"name":"wp","href":"https:\/\/api.w.org\/{rel}","templated":true}]}}