{"id":40778,"date":"2026-04-07T11:56:13","date_gmt":"2026-04-07T15:56:13","guid":{"rendered":"https:\/\/boutique.kdlcharest.ca\/?post_type=product&#038;p=40778"},"modified":"2026-04-07T11:56:14","modified_gmt":"2026-04-07T15:56:14","slug":"lunet-hiv-ghost-no-mat-ld-ambre","status":"publish","type":"product","link":"https:\/\/boutique.kdlcharest.ca\/fr\/produit\/lunet-hiv-ghost-no-mat-ld-ambre\/","title":{"rendered":"LUNET HIV GHOST NO MAT LD\/AMBRE"},"content":{"rendered":"<p>Vous cherchez des lunettes hors route qui combinent un design moderne et des caract\u00e9ristiques pratiques? La conception sans cadre et la lentille sph\u00e9rique du mod\u00e8le GHOST lui conf\u00e8rent son look unique. En plus des caract\u00e9ristiques de base, nous avons d\u00e9velopp\u00e9 un syst\u00e8me de sangles interchangeables qui permet d\u2019utiliser une attache rapide ou conventionnelle selon les besoins.<\/p>\n<ul>\n<li>Style de monture sans cadre<\/li>\n<li>Monture souple en polyur\u00e9thane<\/li>\n<li>Ori\ufb01ces de ventilation sur le dessus et le bas de la monture<\/li>\n<li>Traitements antibu\u00e9e et anti-rayures<\/li>\n<li>Lentille sph\u00e9rique double pour l&rsquo;hiver<\/li>\n<li>Lentille prot\u00e9g\u00e9e contre les rayons UV<\/li>\n<li>Mousse surdimensionn\u00e9e \u00e0 triple densit\u00e9<\/li>\n<li>Double sangle \u00e0 boucle r\u00e9glable avec triple cannelure de silicone<\/li>\n<li>Sangle interchangeable<\/li>\n<li>Inclus une lentille suppl\u00e9mentaire double jaune<\/li>\n<li>Sangle RapidClip non inclus<\/li>\n<\/ul>\n","protected":false},"excerpt":{"rendered":"<p>Vous cherchez des lunettes hors route qui combinent un design moderne et des caract\u00e9ristiques pratiques? La conception sans cadre et la lentille sph\u00e9rique du mod\u00e8le GHOST lui conf\u00e8rent son look unique. En plus des caract\u00e9ristiques de base, nous avons d\u00e9velopp\u00e9 un syst\u00e8me de sangles interchangeables qui permet d\u2019utiliser une attache rapide ou conventionnelle selon les &hellip; <a href=\"https:\/\/boutique.kdlcharest.ca\/fr\/produit\/lunet-hiv-ghost-no-mat-ld-ambre\/\">\u00c0 continu\u00e9<\/a><\/p>\n","protected":false},"featured_media":40779,"template":"","meta":[],"product-sub-category":[103],"brand":[100],"product-third-category":[108],"acf":[],"_links":{"self":[{"href":"https:\/\/boutique.kdlcharest.ca\/fr\/wp-json\/wp\/v2\/product\/40778"}],"collection":[{"href":"https:\/\/boutique.kdlcharest.ca\/fr\/wp-json\/wp\/v2\/product"}],"about":[{"href":"https:\/\/boutique.kdlcharest.ca\/fr\/wp-json\/wp\/v2\/types\/product"}],"wp:featuredmedia":[{"embeddable":true,"href":"https:\/\/boutique.kdlcharest.ca\/fr\/wp-json\/wp\/v2\/media\/40779"}],"wp:attachment":[{"href":"https:\/\/boutique.kdlcharest.ca\/fr\/wp-json\/wp\/v2\/media?parent=40778"}],"wp:term":[{"taxonomy":"product-sub-category","embeddable":true,"href":"https:\/\/boutique.kdlcharest.ca\/fr\/wp-json\/wp\/v2\/product-sub-category?post=40778"},{"taxonomy":"brand","embeddable":true,"href":"https:\/\/boutique.kdlcharest.ca\/fr\/wp-json\/wp\/v2\/brand?post=40778"},{"taxonomy":"product-third-category","embeddable":true,"href":"https:\/\/boutique.kdlcharest.ca\/fr\/wp-json\/wp\/v2\/product-third-category?post=40778"}],"curies":[{"name":"wp","href":"https:\/\/api.w.org\/{rel}","templated":true}]}}