{"id":40775,"date":"2026-04-07T11:54:40","date_gmt":"2026-04-07T15:54:40","guid":{"rendered":"https:\/\/boutique.kdlcharest.ca\/?post_type=product&#038;p=40775"},"modified":"2026-04-07T11:54:41","modified_gmt":"2026-04-07T15:54:41","slug":"lunette-ete-jr-assault-no-vs-clr-ckx","status":"publish","type":"product","link":"https:\/\/boutique.kdlcharest.ca\/fr\/produit\/lunette-ete-jr-assault-no-vs-clr-ckx\/","title":{"rendered":"LUNETTE ETE JR ASSAULT NO VS\/CLR CKX"},"content":{"rendered":"<ul>\n<li>Cadre : Monture souple en polyur\u00e9thane<\/li>\n<li>Lentilles : Lentille simple avec fixation pour Tear-Off<\/li>\n<li>Mousse : Mousse triple densit\u00e9<\/li>\n<li>Ventilation : Orifice de ventilation sur le dessus et le bas de la monture<\/li>\n<li>Protection : Lentille prot\u00e9g\u00e9e contre les UV et antirayure<\/li>\n<li>Sangle : Double sangle \u00e0 boucle r\u00e9glable avec silicone antid\u00e9rapant<\/li>\n<\/ul>\n","protected":false},"excerpt":{"rendered":"<p>Cadre : Monture souple en polyur\u00e9thane Lentilles : Lentille simple avec fixation pour Tear-Off Mousse : Mousse triple densit\u00e9 Ventilation : Orifice de ventilation sur le dessus et le bas de la monture Protection : Lentille prot\u00e9g\u00e9e contre les UV et antirayure Sangle : Double sangle \u00e0 boucle r\u00e9glable avec silicone antid\u00e9rapant<\/p>\n","protected":false},"featured_media":40776,"template":"","meta":[],"product-sub-category":[103],"brand":[100],"product-third-category":[108],"acf":[],"_links":{"self":[{"href":"https:\/\/boutique.kdlcharest.ca\/fr\/wp-json\/wp\/v2\/product\/40775"}],"collection":[{"href":"https:\/\/boutique.kdlcharest.ca\/fr\/wp-json\/wp\/v2\/product"}],"about":[{"href":"https:\/\/boutique.kdlcharest.ca\/fr\/wp-json\/wp\/v2\/types\/product"}],"wp:featuredmedia":[{"embeddable":true,"href":"https:\/\/boutique.kdlcharest.ca\/fr\/wp-json\/wp\/v2\/media\/40776"}],"wp:attachment":[{"href":"https:\/\/boutique.kdlcharest.ca\/fr\/wp-json\/wp\/v2\/media?parent=40775"}],"wp:term":[{"taxonomy":"product-sub-category","embeddable":true,"href":"https:\/\/boutique.kdlcharest.ca\/fr\/wp-json\/wp\/v2\/product-sub-category?post=40775"},{"taxonomy":"brand","embeddable":true,"href":"https:\/\/boutique.kdlcharest.ca\/fr\/wp-json\/wp\/v2\/brand?post=40775"},{"taxonomy":"product-third-category","embeddable":true,"href":"https:\/\/boutique.kdlcharest.ca\/fr\/wp-json\/wp\/v2\/product-third-category?post=40775"}],"curies":[{"name":"wp","href":"https:\/\/api.w.org\/{rel}","templated":true}]}}