{"id":38424,"date":"2024-11-08T11:58:33","date_gmt":"2024-11-08T16:58:33","guid":{"rendered":"https:\/\/boutique.kdlcharest.ca\/?post_type=product&#038;p=38424"},"modified":"2026-02-17T10:48:46","modified_gmt":"2026-02-17T15:48:46","slug":"tobe-one-pieces-tiro-v3-homme","status":"publish","type":"product","link":"https:\/\/boutique.kdlcharest.ca\/fr\/produit\/tobe-one-pieces-tiro-v3-homme\/","title":{"rendered":"TOBE One pieces Tiro V3 &#8211; Homme"},"content":{"rendered":"<p>Le monosuit Tiro V3 offre tous les avantages d&rsquo;une combinaison de motoneige de haute qualit\u00e9 dans un design minimaliste. Il est dot\u00e9 d&rsquo;un capuchon amovible, de grandes poches, de genoux renforc\u00e9s et de tissus d&rsquo;assise. Il est 100 % \u00e9tanche au vent et \u00e0 l&rsquo;eau, offert en version isol\u00e9e pour une chaleur maximale ou non isol\u00e9e pour une superposition flexible. Le Tiro vous en donne pour votre argent, sans compromettre la facilit\u00e9 d&rsquo;utilisation et le confort sur le sentier.<\/p>\n<p><b>CARACT\u00c9RISTIQUES<\/b><\/p>\n<ul>\n<li>100 % imperm\u00e9able<\/li>\n<li>100 % coupe-vent<\/li>\n<li>Capuchon ajustable et amovible<\/li>\n<li>Bretelles r\u00e9glables et amovibles<\/li>\n<li>Cinq poches int\u00e9rieures<\/li>\n<li>Poche \u00e0 lunette int\u00e9rieure<\/li>\n<li>Kill switch D-ring en metal<\/li>\n<li>Poche pour t\u00e9l\u00e9phone portable doubl\u00e9e en filet<\/li>\n<li>Ouvertures d&rsquo;a\u00e9ration doubl\u00e9e en filet sous les bras<\/li>\n<li>Crochet m\u00e9tallique et boucle de pression sur les gu\u00eatres de bottes<\/li>\n<li>Respirabilit\u00e9 optimale<\/li>\n<\/ul>\n<p><b>FABRICATION<\/b><\/p>\n<ul>\n<li>Non isol\u00e9<\/li>\n<li>Unisexe<\/li>\n<li>Coquille<\/li>\n<li>Membrane Sympatex<sup>\u00ae<\/sup>\u00a045 000 mm<\/li>\n<li>Renforcements en Cordura<sup>\u00ae<\/sup><\/li>\n<li>Gu\u00eatres de poignet d\u00e9coup\u00e9es au laser<\/li>\n<li>Doublure en filet et taffetas<\/li>\n<\/ul>\n","protected":false},"excerpt":{"rendered":"<p>Le monosuit Tiro V3 offre tous les avantages d&rsquo;une combinaison de motoneige de haute qualit\u00e9 dans un design minimaliste. Il est dot\u00e9 d&rsquo;un capuchon amovible, de grandes poches, de genoux renforc\u00e9s et de tissus d&rsquo;assise. Il est 100 % \u00e9tanche au vent et \u00e0 l&rsquo;eau, offert en version isol\u00e9e pour une chaleur maximale ou non &hellip; <a href=\"https:\/\/boutique.kdlcharest.ca\/fr\/produit\/tobe-one-pieces-tiro-v3-homme\/\">\u00c0 continu\u00e9<\/a><\/p>\n","protected":false},"featured_media":38426,"template":"","meta":[],"product-sub-category":[58],"brand":[204],"product-third-category":[121],"acf":[],"_links":{"self":[{"href":"https:\/\/boutique.kdlcharest.ca\/fr\/wp-json\/wp\/v2\/product\/38424"}],"collection":[{"href":"https:\/\/boutique.kdlcharest.ca\/fr\/wp-json\/wp\/v2\/product"}],"about":[{"href":"https:\/\/boutique.kdlcharest.ca\/fr\/wp-json\/wp\/v2\/types\/product"}],"wp:featuredmedia":[{"embeddable":true,"href":"https:\/\/boutique.kdlcharest.ca\/fr\/wp-json\/wp\/v2\/media\/38426"}],"wp:attachment":[{"href":"https:\/\/boutique.kdlcharest.ca\/fr\/wp-json\/wp\/v2\/media?parent=38424"}],"wp:term":[{"taxonomy":"product-sub-category","embeddable":true,"href":"https:\/\/boutique.kdlcharest.ca\/fr\/wp-json\/wp\/v2\/product-sub-category?post=38424"},{"taxonomy":"brand","embeddable":true,"href":"https:\/\/boutique.kdlcharest.ca\/fr\/wp-json\/wp\/v2\/brand?post=38424"},{"taxonomy":"product-third-category","embeddable":true,"href":"https:\/\/boutique.kdlcharest.ca\/fr\/wp-json\/wp\/v2\/product-third-category?post=38424"}],"curies":[{"name":"wp","href":"https:\/\/api.w.org\/{rel}","templated":true}]}}