{"id":38420,"date":"2024-11-08T11:55:35","date_gmt":"2024-11-08T16:55:35","guid":{"rendered":"https:\/\/boutique.kdlcharest.ca\/?post_type=product&#038;p=38420"},"modified":"2026-02-17T10:47:17","modified_gmt":"2026-02-17T15:47:17","slug":"tobe-one-pieces-celsus-femme-isole","status":"publish","type":"product","link":"https:\/\/boutique.kdlcharest.ca\/fr\/produit\/tobe-one-pieces-celsus-femme-isole\/","title":{"rendered":"TOBE One Pieces Celsus &#8211; Femme isol\u00e9"},"content":{"rendered":"<p>Celsus est notre derni\u00e8re addition isol\u00e9e \u00e0 la gamme de monosuits de motoneige, con\u00e7ue pour les femmes aux formes g\u00e9n\u00e9reuses. Comme tous nos monosuits, il est 100 % \u00e9tanche au vent et \u00e0 l&rsquo;eau. Il poss\u00e8de toutes les fonctions habituelles d&rsquo;un monosuit de haute qualit\u00e9 pour les motoneigistes exigeants, comme de nombreuses poches, des zones renforc\u00e9es en Kevlar et des zones renforc\u00e9es et des bretelles confortables et r\u00e9glables. Pr\u00e9parez-vous \u00e0 vivre des aventures hivernales en montagne ou sur les pistes !<\/p>\n<p><b>CARACT\u00c9RISTIQUES<\/b><\/p>\n<ul>\n<li>100 % imperm\u00e9able<\/li>\n<li>100 % coupe-vent<\/li>\n<li>Si\u00e8ge \u00e0 panneau ouvrable \u00e0 320\u00b0<\/li>\n<li>Bretelles r\u00e9glables et amovibles<\/li>\n<li>Cinq poches int\u00e9rieures<\/li>\n<li>Poche \u00e0 lunette int\u00e9rieure<\/li>\n<li>Kill switch D-ring en metal<\/li>\n<li>Poche pour t\u00e9l\u00e9phone portable doubl\u00e9e en filet<\/li>\n<li>Ouvertures d&rsquo;a\u00e9ration doubl\u00e9e en filet sous les bras<\/li>\n<li>Crochet m\u00e9tallique et boucle de pression sur les gu\u00eatres de bottes<\/li>\n<li>Respirabilit\u00e9 optimale<\/li>\n<\/ul>\n<p><b>FABRICATION<\/b><\/p>\n<ul>\n<li>Isolation en Thinsulate, corps 150 g, bras 120 g<\/li>\n<li>Sp\u00e9cifique aux femmes<\/li>\n<li>Isol\u00e9<\/li>\n<li>Membrane Sympatex<sup>\u00ae<\/sup>\u00a045 000 mm<\/li>\n<li>Renforcements en Cordura<sup>\u00ae<\/sup><\/li>\n<li>Gu\u00eatres de poignet d\u00e9coup\u00e9es au laser<\/li>\n<li>Doublure en filet et taffetas<\/li>\n<li>Fermetures \u00e9clair YKK Aquaguard<sup>\u00ae<\/sup><\/li>\n<\/ul>\n","protected":false},"excerpt":{"rendered":"<p>Celsus est notre derni\u00e8re addition isol\u00e9e \u00e0 la gamme de monosuits de motoneige, con\u00e7ue pour les femmes aux formes g\u00e9n\u00e9reuses. Comme tous nos monosuits, il est 100 % \u00e9tanche au vent et \u00e0 l&rsquo;eau. Il poss\u00e8de toutes les fonctions habituelles d&rsquo;un monosuit de haute qualit\u00e9 pour les motoneigistes exigeants, comme de nombreuses poches, des zones &hellip; <a href=\"https:\/\/boutique.kdlcharest.ca\/fr\/produit\/tobe-one-pieces-celsus-femme-isole\/\">\u00c0 continu\u00e9<\/a><\/p>\n","protected":false},"featured_media":38422,"template":"","meta":[],"product-sub-category":[58],"brand":[204],"product-third-category":[121],"acf":[],"_links":{"self":[{"href":"https:\/\/boutique.kdlcharest.ca\/fr\/wp-json\/wp\/v2\/product\/38420"}],"collection":[{"href":"https:\/\/boutique.kdlcharest.ca\/fr\/wp-json\/wp\/v2\/product"}],"about":[{"href":"https:\/\/boutique.kdlcharest.ca\/fr\/wp-json\/wp\/v2\/types\/product"}],"wp:featuredmedia":[{"embeddable":true,"href":"https:\/\/boutique.kdlcharest.ca\/fr\/wp-json\/wp\/v2\/media\/38422"}],"wp:attachment":[{"href":"https:\/\/boutique.kdlcharest.ca\/fr\/wp-json\/wp\/v2\/media?parent=38420"}],"wp:term":[{"taxonomy":"product-sub-category","embeddable":true,"href":"https:\/\/boutique.kdlcharest.ca\/fr\/wp-json\/wp\/v2\/product-sub-category?post=38420"},{"taxonomy":"brand","embeddable":true,"href":"https:\/\/boutique.kdlcharest.ca\/fr\/wp-json\/wp\/v2\/brand?post=38420"},{"taxonomy":"product-third-category","embeddable":true,"href":"https:\/\/boutique.kdlcharest.ca\/fr\/wp-json\/wp\/v2\/product-third-category?post=38420"}],"curies":[{"name":"wp","href":"https:\/\/api.w.org\/{rel}","templated":true}]}}