{"id":37085,"date":"2023-11-07T20:02:43","date_gmt":"2023-11-08T01:02:43","guid":{"rendered":"https:\/\/boutique.kdlcharest.ca\/?post_type=product&#038;p=37085"},"modified":"2026-04-07T15:12:29","modified_gmt":"2026-04-07T19:12:29","slug":"jethwear-one-pieces-the-one-isole-homme","status":"publish","type":"product","link":"https:\/\/boutique.kdlcharest.ca\/fr\/produit\/jethwear-one-pieces-the-one-isole-homme\/","title":{"rendered":"Jethwear One Pieces The One isol\u00e9 \u2013 Homme"},"content":{"rendered":"<p><b>S\u00e9rie JW<\/b><\/p>\n<p>The One est notre produit le plus vendu au fil des ans et nous sommes tr\u00e8s heureux de lui offrir une mise \u00e0 jour bien m\u00e9rit\u00e9e. Comme le reste des produits d\u2019ext\u00e9rieur, The One est d\u00e9sormais fabriqu\u00e9 dans un tissu robuste 20K\/20K qui est vraiment r\u00e9sistant, avec de la mousse aux genoux pour plus de confort. The One est \u00e9galement redessin\u00e9 avec un logo plus discret sur la poitrine et le nom de marque plus grand sur le bras. Nous esp\u00e9rons que vous trouverez votre couleur pr\u00e9f\u00e9r\u00e9e!<\/p>\n<p><b>Caract\u00e9ristiques techniques :<\/b><\/p>\n<ul>\n<li>Tissu robuste 20k\/20k<\/li>\n<li>Isolation Jethwear Powtec<sup>\u2122<\/sup>\u00a060g aux genoux et au dos<\/li>\n<li>Coutures scell\u00e9es<\/li>\n<li>Fermetures \u00e9clair YKK Aqua Guard<sup>\u00ae<\/sup><\/li>\n<li>Syst\u00e8me d&rsquo;ajustement aux jambes JW<sup>\u2122<\/sup><\/li>\n<li>Capuche amovible<\/li>\n<li>Anneau en D pour coupe-circuit<\/li>\n<li>Fentes d&rsquo;a\u00e9ration avec doublure en maille<\/li>\n<li>5 poches ext\u00e9rieures utilitaires<\/li>\n<li>Bretelles amovibles et ajustable<\/li>\n<li>Taille ajustable<\/li>\n<li>Gu\u00eatres pour les bottes avec fermeture \u00e0 bouton-pression<\/li>\n<\/ul>\n<p>Sp\u00e9cifications du mat\u00e9riel :<\/p>\n<ul>\n<li>Coquille\/tissu principal : 100 % polyester, 210g<\/li>\n<li>Rev\u00eatement : PU 10.000 mm \/ 10.000 g\/m\u00b2<\/li>\n<li>Rembourrage : 60 g, 100 % polyester (seulement genous et dos)<\/li>\n<li>Doublure : 100 % polyester<\/li>\n<li>Maille de filet : 100 % polyester<\/li>\n<li>Jersey lycra : 100 % polyester<\/li>\n<li>Polytricot a fini velours : 100 % polyester<\/li>\n<li>Renforc\u00e9 similaire au cordura : 100% nylon<\/li>\n<li>Nouvelle conception des logos sur la poitrine et les bras<\/li>\n<\/ul>\n","protected":false},"excerpt":{"rendered":"<p>S\u00e9rie JW The One est notre produit le plus vendu au fil des ans et nous sommes tr\u00e8s heureux de lui offrir une mise \u00e0 jour bien m\u00e9rit\u00e9e. Comme le reste des produits d\u2019ext\u00e9rieur, The One est d\u00e9sormais fabriqu\u00e9 dans un tissu robuste 20K\/20K qui est vraiment r\u00e9sistant, avec de la mousse aux genoux pour &hellip; <a href=\"https:\/\/boutique.kdlcharest.ca\/fr\/produit\/jethwear-one-pieces-the-one-isole-homme\/\">\u00c0 continu\u00e9<\/a><\/p>\n","protected":false},"featured_media":37075,"template":"","meta":[],"product-sub-category":[58],"brand":[115],"product-third-category":[121],"acf":[],"_links":{"self":[{"href":"https:\/\/boutique.kdlcharest.ca\/fr\/wp-json\/wp\/v2\/product\/37085"}],"collection":[{"href":"https:\/\/boutique.kdlcharest.ca\/fr\/wp-json\/wp\/v2\/product"}],"about":[{"href":"https:\/\/boutique.kdlcharest.ca\/fr\/wp-json\/wp\/v2\/types\/product"}],"wp:featuredmedia":[{"embeddable":true,"href":"https:\/\/boutique.kdlcharest.ca\/fr\/wp-json\/wp\/v2\/media\/37075"}],"wp:attachment":[{"href":"https:\/\/boutique.kdlcharest.ca\/fr\/wp-json\/wp\/v2\/media?parent=37085"}],"wp:term":[{"taxonomy":"product-sub-category","embeddable":true,"href":"https:\/\/boutique.kdlcharest.ca\/fr\/wp-json\/wp\/v2\/product-sub-category?post=37085"},{"taxonomy":"brand","embeddable":true,"href":"https:\/\/boutique.kdlcharest.ca\/fr\/wp-json\/wp\/v2\/brand?post=37085"},{"taxonomy":"product-third-category","embeddable":true,"href":"https:\/\/boutique.kdlcharest.ca\/fr\/wp-json\/wp\/v2\/product-third-category?post=37085"}],"curies":[{"name":"wp","href":"https:\/\/api.w.org\/{rel}","templated":true}]}}