{"id":32855,"date":"2022-02-11T13:15:06","date_gmt":"2022-02-11T18:15:06","guid":{"rendered":"https:\/\/boutique.kdlcharest.ca\/product\/ckx-lunettes-210-avec-ventilation-controlable-pour-sentier-noir-mat\/"},"modified":"2026-04-07T11:38:45","modified_gmt":"2026-04-07T15:38:45","slug":"ckx-lunettes-210-avec-ventilation-controlable-pour-sentier-noir-mat","status":"publish","type":"product","link":"https:\/\/boutique.kdlcharest.ca\/fr\/produit\/ckx-lunettes-210-avec-ventilation-controlable-pour-sentier-noir-mat\/","title":{"rendered":"CKX Lunettes 210\u00b0 avec ventilation contr\u00f4lable pour sentier Noir mat"},"content":{"rendered":"<p><b>La lunette 210\u00b0 est ind\u00e9niablement l&rsquo;une des caract\u00e9ristiques vedettes du Titan!<\/b><\/p>\n<p>Son confort est assur\u00e9 par une mousse dimensionn\u00e9e sur mesure pour le TITAN assurant une bonne \u00e9tanch\u00e9it\u00e9. De plus, la lunette offre un ajustement parfait gr\u00e2ce aux deux attaches semi-flexibles. En effet, pour un maximum de convivialit\u00e9, la 210\u00b0 utilise la technologie RapidClip et peut \u00eatre interchang\u00e9 avec une sangle standard (vendue s\u00e9par\u00e9ment). Elle offre aussi le plus grand champ de vision pour une lunette de cette cat\u00e9gorie.<\/p>\n<p>Pour les adeptes de sentier, cette version de la lunette 210\u00b0 poss\u00e8de une mousse isol\u00e9e et une lentille double avec des ventilations contr\u00f4lables qui vous permettent d\u2019\u00e9vacuer rapidement l\u2019air humide pr\u00e9sente dans vos lunettes lors de vos sorties en terrain hostile inexplor\u00e9. Sans compromis, roulez en tout confort par temps froid, longtemps et \u00e0 grande vitesse.<\/p>\n<p><b>Caract\u00e9ristiques :<\/b><\/p>\n<ul>\n<li>Lentille double avec ventilation contr\u00f4lable<\/li>\n<li>Ports de ventilation sup\u00e9rieurs<\/li>\n<li>Large champ de vision exceptionnel de 210\u00b0<\/li>\n<li>Cadre ?exible en polyur\u00e9thane<\/li>\n<li>Lentille pr\u00e9-courb\u00e9e en polycarbonate moul\u00e9 par injection<\/li>\n<li>Traitement anti-\u00e9gratignure<\/li>\n<li>Traitement antibu\u00e9e<\/li>\n<li>Protection UV<\/li>\n<li>Adapt\u00e9e pour le port d\u2019une lunette de prescription<\/li>\n<li>Sangle interchangeable RapidClip<\/li>\n<li>Prot\u00e8ge-nez amovible<\/li>\n<\/ul>\n<p><b>*Seule la lunette 210\u00b0peut \u00eatre port\u00e9 avec les casques Titan, hiver. <\/b><\/p>\n","protected":false},"excerpt":{"rendered":"<p>La lunette 210\u00b0 est ind\u00e9niablement l&rsquo;une des caract\u00e9ristiques vedettes du Titan! Son confort est assur\u00e9 par une mousse dimensionn\u00e9e sur mesure pour le TITAN assurant une bonne \u00e9tanch\u00e9it\u00e9. De plus, la lunette offre un ajustement parfait gr\u00e2ce aux deux attaches semi-flexibles. En effet, pour un maximum de convivialit\u00e9, la 210\u00b0 utilise la technologie RapidClip et &hellip; <a href=\"https:\/\/boutique.kdlcharest.ca\/fr\/produit\/ckx-lunettes-210-avec-ventilation-controlable-pour-sentier-noir-mat\/\">\u00c0 continu\u00e9<\/a><\/p>\n","protected":false},"featured_media":32856,"template":"","meta":[],"product-sub-category":[99],"brand":[100],"product-third-category":[108],"acf":[],"_links":{"self":[{"href":"https:\/\/boutique.kdlcharest.ca\/fr\/wp-json\/wp\/v2\/product\/32855"}],"collection":[{"href":"https:\/\/boutique.kdlcharest.ca\/fr\/wp-json\/wp\/v2\/product"}],"about":[{"href":"https:\/\/boutique.kdlcharest.ca\/fr\/wp-json\/wp\/v2\/types\/product"}],"wp:featuredmedia":[{"embeddable":true,"href":"https:\/\/boutique.kdlcharest.ca\/fr\/wp-json\/wp\/v2\/media\/32856"}],"wp:attachment":[{"href":"https:\/\/boutique.kdlcharest.ca\/fr\/wp-json\/wp\/v2\/media?parent=32855"}],"wp:term":[{"taxonomy":"product-sub-category","embeddable":true,"href":"https:\/\/boutique.kdlcharest.ca\/fr\/wp-json\/wp\/v2\/product-sub-category?post=32855"},{"taxonomy":"brand","embeddable":true,"href":"https:\/\/boutique.kdlcharest.ca\/fr\/wp-json\/wp\/v2\/brand?post=32855"},{"taxonomy":"product-third-category","embeddable":true,"href":"https:\/\/boutique.kdlcharest.ca\/fr\/wp-json\/wp\/v2\/product-third-category?post=32855"}],"curies":[{"name":"wp","href":"https:\/\/api.w.org\/{rel}","templated":true}]}}